{"id":2125,"date":"2019-03-22T21:51:09","date_gmt":"2019-03-23T00:51:09","guid":{"rendered":"http:\/\/localhost\/kowabunga\/?page_id=2125"},"modified":"2024-06-04T00:05:01","modified_gmt":"2024-06-04T03:05:01","slug":"acerca-de","status":"publish","type":"page","link":"https:\/\/waterloopstudio.com\/en\/acerca-de\/","title":{"rendered":"About Us"},"content":{"rendered":"<div data-elementor-type=\"wp-post\" data-elementor-id=\"2125\" class=\"elementor elementor-2125\">\n\t\t\t\t\t\t<section class=\"elementor-section elementor-top-section elementor-element elementor-element-2e883d9a elementor-section-stretched elementor-section-height-min-height elementor-section-content-middle elementor-section-boxed elementor-section-height-default elementor-section-items-middle\" data-id=\"2e883d9a\" data-element_type=\"section\" data-settings=\"{&quot;background_background&quot;:&quot;classic&quot;,&quot;stretch_section&quot;:&quot;section-stretched&quot;,&quot;shape_divider_bottom&quot;:&quot;opacity-fan&quot;}\">\n\t\t\t\t\t\t\t<div class=\"elementor-background-overlay\"><\/div>\n\t\t\t\t\t\t<div class=\"elementor-shape elementor-shape-bottom\" aria-hidden=\"true\" data-negative=\"false\">\n\t\t\t<svg xmlns=\"http:\/\/www.w3.org\/2000\/svg\" viewbox=\"0 0 283.5 19.6\" preserveaspectratio=\"none\">\n\t<path class=\"elementor-shape-fill\" style=\"opacity:0.33\" d=\"M0 0L0 18.8 141.8 4.1 283.5 18.8 283.5 0z\"\/>\n\t<path class=\"elementor-shape-fill\" style=\"opacity:0.33\" d=\"M0 0L0 12.6 141.8 4 283.5 12.6 283.5 0z\"\/>\n\t<path class=\"elementor-shape-fill\" style=\"opacity:0.33\" d=\"M0 0L0 6.4 141.8 4 283.5 6.4 283.5 0z\"\/>\n\t<path class=\"elementor-shape-fill\" d=\"M0 0L0 1.2 141.8 4 283.5 1.2 283.5 0z\"\/>\n<\/svg>\t\t<\/div>\n\t\t\t\t\t<div class=\"elementor-container elementor-column-gap-default\">\n\t\t\t\t\t<div class=\"elementor-column elementor-col-100 elementor-top-column elementor-element elementor-element-678271b6\" data-id=\"678271b6\" data-element_type=\"column\" data-settings=\"{&quot;background_background&quot;:&quot;classic&quot;}\">\n\t\t\t<div class=\"elementor-widget-wrap elementor-element-populated\">\n\t\t\t\t\t<div class=\"elementor-background-overlay\"><\/div>\n\t\t\t\t\t\t<div class=\"elementor-element elementor-element-9db4a27 elementor-widget elementor-widget-image\" data-id=\"9db4a27\" data-element_type=\"widget\" data-widget_type=\"image.default\">\n\t\t\t\t<div class=\"elementor-widget-container\">\n\t\t\t\t\t\t\t\t\t\t\t\t\t\t\t\t<a href=\"https:\/\/waterloopstudio.com\/en\/\">\n\t\t\t\t\t\t\t<img decoding=\"async\" src=\"https:\/\/waterloopstudio.com\/wp-content\/uploads\/2020\/10\/waterloop_logoblanco-menu.svg\" class=\"attachment-full size-full wp-image-3020\" alt=\"Waterloop Studio - menu\" \/>\t\t\t\t\t\t\t\t<\/a>\n\t\t\t\t\t\t\t\t\t\t\t\t\t\t\t<\/div>\n\t\t\t\t<\/div>\n\t\t\t\t<div class=\"elementor-element elementor-element-3f09898 elementor-widget elementor-widget-heading\" data-id=\"3f09898\" data-element_type=\"widget\" data-widget_type=\"heading.default\">\n\t\t\t\t<div class=\"elementor-widget-container\">\n\t\t\t\t\t<h2 class=\"elementor-heading-title elementor-size-default\">WE ARE WATERLOOP<\/h2>\t\t\t\t<\/div>\n\t\t\t\t<\/div>\n\t\t\t\t<div class=\"elementor-element elementor-element-63e61c0 elementor-widget elementor-widget-image\" data-id=\"63e61c0\" data-element_type=\"widget\" id=\"separador-olas-blanco\" data-widget_type=\"image.default\">\n\t\t\t\t<div class=\"elementor-widget-container\">\n\t\t\t\t\t\t\t\t\t\t\t\t\t\t\t<img decoding=\"async\" src=\"https:\/\/waterloopstudio.com\/wp-content\/uploads\/2020\/10\/separador_olas_blanco_menu.svg\" title=\"separador_olas_blanco_menu\" alt=\"Separador menu\" loading=\"lazy\" \/>\t\t\t\t\t\t\t\t\t\t\t\t\t\t\t<\/div>\n\t\t\t\t<\/div>\n\t\t\t\t<div class=\"elementor-element elementor-element-5be5f1fb elementor-widget elementor-widget-text-editor\" data-id=\"5be5f1fb\" data-element_type=\"widget\" data-widget_type=\"text-editor.default\">\n\t\t\t\t<div class=\"elementor-widget-container\">\n\t\t\t\t\t\t\t\t\t<p>Driven by curiosity in the field of Graphic and Web Design, we are always observing and learning from the world around us, discovering the needs of each company and their potential customers.<\/p>\t\t\t\t\t\t\t\t<\/div>\n\t\t\t\t<\/div>\n\t\t\t\t\t<\/div>\n\t\t<\/div>\n\t\t\t\t\t<\/div>\n\t\t<\/section>\n\t\t\t\t<section class=\"elementor-section elementor-top-section elementor-element elementor-element-70beef93 elementor-section-stretched elementor-section-boxed elementor-section-height-default elementor-section-height-default\" data-id=\"70beef93\" data-element_type=\"section\" data-settings=\"{&quot;stretch_section&quot;:&quot;section-stretched&quot;}\">\n\t\t\t\t\t\t<div class=\"elementor-container elementor-column-gap-wide\">\n\t\t\t\t\t<div class=\"elementor-column elementor-col-100 elementor-top-column elementor-element elementor-element-c2b669b\" data-id=\"c2b669b\" data-element_type=\"column\">\n\t\t\t<div class=\"elementor-widget-wrap elementor-element-populated\">\n\t\t\t\t\t\t<div class=\"elementor-element elementor-element-b4e2ef0 elementor-widget elementor-widget-text-editor\" data-id=\"b4e2ef0\" data-element_type=\"widget\" data-widget_type=\"text-editor.default\">\n\t\t\t\t<div class=\"elementor-widget-container\">\n\t\t\t\t\t\t\t\t\t<div><p><span lang=\"en\"><span title=\"\">Waterloop is a creative team focused on graphic and web design, with a long trajectory in the field. <\/span><\/span><strong>We believe in the power of strong ideas which are attractive and intuitive enough to generate an immediate, positive and lasting impact.<\/strong> This approach gives us the starting point for our strategic work, thus generating effective communication aimed at exceeding the goals and expectations of our clients.<\/p><p>We have solid knowledge in the field of web design (adaptable to all devices -mobiles, tablets and computers- and self-administrated -with content managers-) and graphic design (brand, branding, identity, catalogs, packaging, social media, etc). Our approach covers all the necessary aspects to achieve the proyect goal, understanding present needs and anticipating future opportunities.<\/p><p><strong>We live in a dynamic world, where technological evolution is constant, so we believe in the fluidity and scalability of the brand through innovation, and at the same time maintaining the necessary coherence of a comprehensive and timeless approach.<\/strong><\/p><p>Our vision is to offer solutions in communication to our clients so that they can fully concentrate on their business.<\/p><\/div>\t\t\t\t\t\t\t\t<\/div>\n\t\t\t\t<\/div>\n\t\t\t\t<div class=\"elementor-element elementor-element-3a2fc54 elementor-widget elementor-widget-image\" data-id=\"3a2fc54\" data-element_type=\"widget\" data-widget_type=\"image.default\">\n\t\t\t\t<div class=\"elementor-widget-container\">\n\t\t\t\t\t\t\t\t\t\t\t\t\t\t\t<img fetchpriority=\"high\" decoding=\"async\" width=\"468\" height=\"483\" src=\"https:\/\/waterloopstudio.com\/wp-content\/uploads\/2024\/04\/dweb-02-minn.jpg\" class=\"attachment-large size-large wp-image-4302\" alt=\"\" srcset=\"https:\/\/waterloopstudio.com\/wp-content\/uploads\/2024\/04\/dweb-02-minn.jpg 468w, https:\/\/waterloopstudio.com\/wp-content\/uploads\/2024\/04\/dweb-02-minn-291x300.jpg 291w, https:\/\/waterloopstudio.com\/wp-content\/uploads\/2024\/04\/dweb-02-minn-12x12.jpg 12w\" sizes=\"(max-width: 468px) 100vw, 468px\" \/>\t\t\t\t\t\t\t\t\t\t\t\t\t\t\t<\/div>\n\t\t\t\t<\/div>\n\t\t\t\t\t<\/div>\n\t\t<\/div>\n\t\t\t\t\t<\/div>\n\t\t<\/section>\n\t\t\t\t<section class=\"elementor-section elementor-top-section elementor-element elementor-element-e0a4a07 elementor-section-boxed elementor-section-height-default elementor-section-height-default\" data-id=\"e0a4a07\" data-element_type=\"section\">\n\t\t\t\t\t\t<div class=\"elementor-container elementor-column-gap-default\">\n\t\t\t\t\t<div class=\"elementor-column elementor-col-100 elementor-top-column elementor-element elementor-element-ae68b9d\" data-id=\"ae68b9d\" data-element_type=\"column\">\n\t\t\t<div class=\"elementor-widget-wrap elementor-element-populated\">\n\t\t\t\t\t\t<div class=\"elementor-element elementor-element-de2d775 elementor-align-center elementor-mobile-align-center elementor-widget elementor-widget-button\" data-id=\"de2d775\" data-element_type=\"widget\" data-widget_type=\"button.default\">\n\t\t\t\t<div class=\"elementor-widget-container\">\n\t\t\t\t\t\t\t\t\t<div class=\"elementor-button-wrapper\">\n\t\t\t\t\t<a class=\"elementor-button elementor-button-link elementor-size-xs\" href=\"https:\/\/waterloopstudio.com\/en\/contacto\/\">\n\t\t\t\t\t\t<span class=\"elementor-button-content-wrapper\">\n\t\t\t\t\t\t\t\t\t<span class=\"elementor-button-text\">Contact Us<\/span>\n\t\t\t\t\t<\/span>\n\t\t\t\t\t<\/a>\n\t\t\t\t<\/div>\n\t\t\t\t\t\t\t\t<\/div>\n\t\t\t\t<\/div>\n\t\t\t\t\t<\/div>\n\t\t<\/div>\n\t\t\t\t\t<\/div>\n\t\t<\/section>\n\t\t\t\t<section class=\"elementor-section elementor-top-section elementor-element elementor-element-722a833 elementor-section-full_width elementor-section-height-min-height elementor-section-height-default elementor-section-items-middle\" data-id=\"722a833\" data-element_type=\"section\" data-settings=\"{&quot;background_background&quot;:&quot;gradient&quot;}\">\n\t\t\t\t\t\t<div class=\"elementor-container elementor-column-gap-default\">\n\t\t\t\t\t<div class=\"elementor-column elementor-col-100 elementor-top-column elementor-element elementor-element-670c541\" data-id=\"670c541\" data-element_type=\"column\">\n\t\t\t<div class=\"elementor-widget-wrap elementor-element-populated\">\n\t\t\t\t\t\t<div class=\"elementor-element elementor-element-5c7c822 e-grid-align-tablet-center e-grid-align-mobile-center elementor-widget__width-initial elementor-widget-mobile__width-initial elementor-shape-rounded elementor-grid-0 e-grid-align-center elementor-widget elementor-widget-social-icons\" data-id=\"5c7c822\" data-element_type=\"widget\" data-widget_type=\"social-icons.default\">\n\t\t\t\t<div class=\"elementor-widget-container\">\n\t\t\t\t\t\t\t<div class=\"elementor-social-icons-wrapper elementor-grid\">\n\t\t\t\t\t\t\t<span class=\"elementor-grid-item\">\n\t\t\t\t\t<a class=\"elementor-icon elementor-social-icon elementor-social-icon-facebook-f elementor-animation-grow elementor-repeater-item-0e1a14e\" href=\"https:\/\/www.facebook.com\/Waterloop-Dise%C3%B1o-Gr%C3%A1fico-y-Web-109270177080038\" target=\"_blank\">\n\t\t\t\t\t\t<span class=\"elementor-screen-only\">Facebook-f<\/span>\n\t\t\t\t\t\t<i aria-hidden=\"true\" class=\"fab fa-facebook-f\"><\/i>\t\t\t\t\t<\/a>\n\t\t\t\t<\/span>\n\t\t\t\t\t<\/div>\n\t\t\t\t\t\t<\/div>\n\t\t\t\t<\/div>\n\t\t\t\t<div class=\"elementor-element elementor-element-a7a4c0c e-grid-align-tablet-center e-grid-align-mobile-center elementor-widget__width-initial elementor-widget-mobile__width-initial elementor-shape-rounded elementor-grid-0 e-grid-align-center elementor-widget elementor-widget-social-icons\" data-id=\"a7a4c0c\" data-element_type=\"widget\" data-widget_type=\"social-icons.default\">\n\t\t\t\t<div class=\"elementor-widget-container\">\n\t\t\t\t\t\t\t<div class=\"elementor-social-icons-wrapper elementor-grid\">\n\t\t\t\t\t\t\t<span class=\"elementor-grid-item\">\n\t\t\t\t\t<a class=\"elementor-icon elementor-social-icon elementor-social-icon-instagram elementor-animation-grow elementor-repeater-item-7702209\" target=\"_blank\">\n\t\t\t\t\t\t<span class=\"elementor-screen-only\">Instagram<\/span>\n\t\t\t\t\t\t<i aria-hidden=\"true\" class=\"fab fa-instagram\"><\/i>\t\t\t\t\t<\/a>\n\t\t\t\t<\/span>\n\t\t\t\t\t<\/div>\n\t\t\t\t\t\t<\/div>\n\t\t\t\t<\/div>\n\t\t\t\t\t<\/div>\n\t\t<\/div>\n\t\t\t\t\t<\/div>\n\t\t<\/section>\n\t\t\t\t<\/div>","protected":false},"excerpt":{"rendered":"<p>SOMOS WATERLOOP Con una curiosidad inquebrantable en el campo del Dise\u00f1o Gr\u00e1fico y Web observamos el mundo que nos rodea; descubriendo as\u00ed las necesidades de las empresas y de sus potenciales usuarios. Waterloop es un equipo creativo dedicado al dise\u00f1o gr\u00e1fico y web, con una larga trayectoria en el rubro. Creemos en el poder de [&hellip;]<\/p>","protected":false},"author":1,"featured_media":0,"parent":0,"menu_order":0,"comment_status":"closed","ping_status":"closed","template":"elementor_header_footer","meta":{"ocean_post_layout":"full-width","ocean_both_sidebars_style":"","ocean_both_sidebars_content_width":0,"ocean_both_sidebars_sidebars_width":0,"ocean_sidebar":"0","ocean_second_sidebar":"0","ocean_disable_margins":"on","ocean_add_body_class":"","ocean_shortcode_before_top_bar":"","ocean_shortcode_after_top_bar":"","ocean_shortcode_before_header":"","ocean_shortcode_after_header":"","ocean_has_shortcode":"","ocean_shortcode_after_title":"","ocean_shortcode_before_footer_widgets":"","ocean_shortcode_after_footer_widgets":"","ocean_shortcode_before_footer_bottom":"","ocean_shortcode_after_footer_bottom":"","ocean_display_top_bar":"default","ocean_display_header":"default","ocean_header_style":"","ocean_center_header_left_menu":"0","ocean_custom_header_template":"0","ocean_custom_logo":0,"ocean_custom_retina_logo":0,"ocean_custom_logo_max_width":0,"ocean_custom_logo_tablet_max_width":0,"ocean_custom_logo_mobile_max_width":0,"ocean_custom_logo_max_height":0,"ocean_custom_logo_tablet_max_height":0,"ocean_custom_logo_mobile_max_height":0,"ocean_header_custom_menu":"0","ocean_menu_typo_font_family":"0","ocean_menu_typo_font_subset":"","ocean_menu_typo_font_size":0,"ocean_menu_typo_font_size_tablet":0,"ocean_menu_typo_font_size_mobile":0,"ocean_menu_typo_font_size_unit":"px","ocean_menu_typo_font_weight":"","ocean_menu_typo_font_weight_tablet":"","ocean_menu_typo_font_weight_mobile":"","ocean_menu_typo_transform":"","ocean_menu_typo_transform_tablet":"","ocean_menu_typo_transform_mobile":"","ocean_menu_typo_line_height":0,"ocean_menu_typo_line_height_tablet":0,"ocean_menu_typo_line_height_mobile":0,"ocean_menu_typo_line_height_unit":"","ocean_menu_typo_spacing":0,"ocean_menu_typo_spacing_tablet":0,"ocean_menu_typo_spacing_mobile":0,"ocean_menu_typo_spacing_unit":"","ocean_menu_link_color":"","ocean_menu_link_color_hover":"","ocean_menu_link_color_active":"","ocean_menu_link_background":"","ocean_menu_link_hover_background":"","ocean_menu_link_active_background":"","ocean_menu_social_links_bg":"","ocean_menu_social_hover_links_bg":"","ocean_menu_social_links_color":"","ocean_menu_social_hover_links_color":"","ocean_disable_title":"on","ocean_disable_heading":"default","ocean_post_title":"","ocean_post_subheading":"","ocean_post_title_style":"","ocean_post_title_background_color":"","ocean_post_title_background":0,"ocean_post_title_bg_image_position":"","ocean_post_title_bg_image_attachment":"","ocean_post_title_bg_image_repeat":"","ocean_post_title_bg_image_size":"","ocean_post_title_height":0,"ocean_post_title_bg_overlay":0.5,"ocean_post_title_bg_overlay_color":"","ocean_disable_breadcrumbs":"default","ocean_breadcrumbs_color":"","ocean_breadcrumbs_separator_color":"","ocean_breadcrumbs_links_color":"","ocean_breadcrumbs_links_hover_color":"","ocean_display_footer_widgets":"default","ocean_display_footer_bottom":"default","ocean_custom_footer_template":"1888","footnotes":""},"class_list":["post-2125","page","type-page","status-publish","hentry","entry"],"yoast_head":"<!-- This site is optimized with the Yoast SEO plugin v25.3 - https:\/\/yoast.com\/wordpress\/plugins\/seo\/ -->\n<title>Acerca de Waterloop<\/title>\n<meta name=\"robots\" content=\"index, follow, max-snippet:-1, max-image-preview:large, max-video-preview:-1\" \/>\n<link rel=\"canonical\" href=\"https:\/\/waterloopstudio.com\/en\/acerca-de\/\" \/>\n<meta property=\"og:locale\" content=\"en_US\" \/>\n<meta property=\"og:type\" content=\"article\" \/>\n<meta property=\"og:title\" content=\"Acerca de Waterloop\" \/>\n<meta property=\"og:description\" content=\"SOMOS WATERLOOP Con una curiosidad inquebrantable en el campo del Dise\u00f1o Gr\u00e1fico y Web observamos el mundo que nos rodea; descubriendo as\u00ed las necesidades de las empresas y de sus potenciales usuarios. Waterloop es un equipo creativo dedicado al dise\u00f1o gr\u00e1fico y web, con una larga trayectoria en el rubro. Creemos en el poder de [&hellip;]\" \/>\n<meta property=\"og:url\" content=\"https:\/\/waterloopstudio.com\/en\/acerca-de\/\" \/>\n<meta property=\"og:site_name\" content=\"Waterloop\" \/>\n<meta property=\"article:modified_time\" content=\"2024-06-04T03:05:01+00:00\" \/>\n<meta property=\"og:image\" content=\"https:\/\/waterloopstudio.com\/wp-content\/uploads\/2020\/10\/waterloop_logoblanco-menu.svg\" \/>\n<meta name=\"twitter:card\" content=\"summary_large_image\" \/>\n<meta name=\"twitter:label1\" content=\"Est. reading time\" \/>\n\t<meta name=\"twitter:data1\" content=\"2 minutes\" \/>\n<script type=\"application\/ld+json\" class=\"yoast-schema-graph\">{\"@context\":\"https:\/\/schema.org\",\"@graph\":[{\"@type\":\"WebPage\",\"@id\":\"https:\/\/waterloopstudio.com\/en\/acerca-de\/\",\"url\":\"https:\/\/waterloopstudio.com\/en\/acerca-de\/\",\"name\":\"Acerca de Waterloop\",\"isPartOf\":{\"@id\":\"https:\/\/waterloopstudio.com\/en\/#website\"},\"primaryImageOfPage\":{\"@id\":\"https:\/\/waterloopstudio.com\/en\/acerca-de\/#primaryimage\"},\"image\":{\"@id\":\"https:\/\/waterloopstudio.com\/en\/acerca-de\/#primaryimage\"},\"thumbnailUrl\":\"https:\/\/waterloopstudio.com\/wp-content\/uploads\/2020\/10\/waterloop_logoblanco-menu.svg\",\"datePublished\":\"2019-03-23T00:51:09+00:00\",\"dateModified\":\"2024-06-04T03:05:01+00:00\",\"breadcrumb\":{\"@id\":\"https:\/\/waterloopstudio.com\/en\/acerca-de\/#breadcrumb\"},\"inLanguage\":\"en-US\",\"potentialAction\":[{\"@type\":\"ReadAction\",\"target\":[\"https:\/\/waterloopstudio.com\/en\/acerca-de\/\"]}]},{\"@type\":\"ImageObject\",\"inLanguage\":\"en-US\",\"@id\":\"https:\/\/waterloopstudio.com\/en\/acerca-de\/#primaryimage\",\"url\":\"https:\/\/waterloopstudio.com\/wp-content\/uploads\/2020\/10\/waterloop_logoblanco-menu.svg\",\"contentUrl\":\"https:\/\/waterloopstudio.com\/wp-content\/uploads\/2020\/10\/waterloop_logoblanco-menu.svg\"},{\"@type\":\"BreadcrumbList\",\"@id\":\"https:\/\/waterloopstudio.com\/en\/acerca-de\/#breadcrumb\",\"itemListElement\":[{\"@type\":\"ListItem\",\"position\":1,\"name\":\"Inicio\",\"item\":\"https:\/\/waterloopstudio.com\/\"},{\"@type\":\"ListItem\",\"position\":2,\"name\":\"Acerca de\"}]},{\"@type\":\"WebSite\",\"@id\":\"https:\/\/waterloopstudio.com\/en\/#website\",\"url\":\"https:\/\/waterloopstudio.com\/en\/\",\"name\":\"Waterloop\",\"description\":\"Dise\u00f1o y Desarrollo Web\",\"publisher\":{\"@id\":\"https:\/\/waterloopstudio.com\/en\/#organization\"},\"potentialAction\":[{\"@type\":\"SearchAction\",\"target\":{\"@type\":\"EntryPoint\",\"urlTemplate\":\"https:\/\/waterloopstudio.com\/en\/?s={search_term_string}\"},\"query-input\":{\"@type\":\"PropertyValueSpecification\",\"valueRequired\":true,\"valueName\":\"search_term_string\"}}],\"inLanguage\":\"en-US\"},{\"@type\":\"Organization\",\"@id\":\"https:\/\/waterloopstudio.com\/en\/#organization\",\"name\":\"Waterloop Studio\",\"url\":\"https:\/\/waterloopstudio.com\/en\/\",\"logo\":{\"@type\":\"ImageObject\",\"inLanguage\":\"en-US\",\"@id\":\"https:\/\/waterloopstudio.com\/en\/#\/schema\/logo\/image\/\",\"url\":\"https:\/\/waterloopstudio.com\/wp-content\/uploads\/2019\/05\/favicon.png\",\"contentUrl\":\"https:\/\/waterloopstudio.com\/wp-content\/uploads\/2019\/05\/favicon.png\",\"width\":192,\"height\":192,\"caption\":\"Waterloop Studio\"},\"image\":{\"@id\":\"https:\/\/waterloopstudio.com\/en\/#\/schema\/logo\/image\/\"}}]}<\/script>\n<!-- \/ Yoast SEO plugin. -->","yoast_head_json":{"title":"Acerca de Waterloop","robots":{"index":"index","follow":"follow","max-snippet":"max-snippet:-1","max-image-preview":"max-image-preview:large","max-video-preview":"max-video-preview:-1"},"canonical":"https:\/\/waterloopstudio.com\/en\/acerca-de\/","og_locale":"en_US","og_type":"article","og_title":"Acerca de Waterloop","og_description":"SOMOS WATERLOOP Con una curiosidad inquebrantable en el campo del Dise\u00f1o Gr\u00e1fico y Web observamos el mundo que nos rodea; descubriendo as\u00ed las necesidades de las empresas y de sus potenciales usuarios. Waterloop es un equipo creativo dedicado al dise\u00f1o gr\u00e1fico y web, con una larga trayectoria en el rubro. Creemos en el poder de [&hellip;]","og_url":"https:\/\/waterloopstudio.com\/en\/acerca-de\/","og_site_name":"Waterloop","article_modified_time":"2024-06-04T03:05:01+00:00","og_image":[{"url":"https:\/\/waterloopstudio.com\/wp-content\/uploads\/2020\/10\/waterloop_logoblanco-menu.svg","type":"","width":"","height":""}],"twitter_card":"summary_large_image","twitter_misc":{"Est. reading time":"2 minutes"},"schema":{"@context":"https:\/\/schema.org","@graph":[{"@type":"WebPage","@id":"https:\/\/waterloopstudio.com\/en\/acerca-de\/","url":"https:\/\/waterloopstudio.com\/en\/acerca-de\/","name":"Acerca de Waterloop","isPartOf":{"@id":"https:\/\/waterloopstudio.com\/en\/#website"},"primaryImageOfPage":{"@id":"https:\/\/waterloopstudio.com\/en\/acerca-de\/#primaryimage"},"image":{"@id":"https:\/\/waterloopstudio.com\/en\/acerca-de\/#primaryimage"},"thumbnailUrl":"https:\/\/waterloopstudio.com\/wp-content\/uploads\/2020\/10\/waterloop_logoblanco-menu.svg","datePublished":"2019-03-23T00:51:09+00:00","dateModified":"2024-06-04T03:05:01+00:00","breadcrumb":{"@id":"https:\/\/waterloopstudio.com\/en\/acerca-de\/#breadcrumb"},"inLanguage":"en-US","potentialAction":[{"@type":"ReadAction","target":["https:\/\/waterloopstudio.com\/en\/acerca-de\/"]}]},{"@type":"ImageObject","inLanguage":"en-US","@id":"https:\/\/waterloopstudio.com\/en\/acerca-de\/#primaryimage","url":"https:\/\/waterloopstudio.com\/wp-content\/uploads\/2020\/10\/waterloop_logoblanco-menu.svg","contentUrl":"https:\/\/waterloopstudio.com\/wp-content\/uploads\/2020\/10\/waterloop_logoblanco-menu.svg"},{"@type":"BreadcrumbList","@id":"https:\/\/waterloopstudio.com\/en\/acerca-de\/#breadcrumb","itemListElement":[{"@type":"ListItem","position":1,"name":"Inicio","item":"https:\/\/waterloopstudio.com\/"},{"@type":"ListItem","position":2,"name":"Acerca de"}]},{"@type":"WebSite","@id":"https:\/\/waterloopstudio.com\/en\/#website","url":"https:\/\/waterloopstudio.com\/en\/","name":"Waterloop","description":"Dise\u00f1o y Desarrollo Web","publisher":{"@id":"https:\/\/waterloopstudio.com\/en\/#organization"},"potentialAction":[{"@type":"SearchAction","target":{"@type":"EntryPoint","urlTemplate":"https:\/\/waterloopstudio.com\/en\/?s={search_term_string}"},"query-input":{"@type":"PropertyValueSpecification","valueRequired":true,"valueName":"search_term_string"}}],"inLanguage":"en-US"},{"@type":"Organization","@id":"https:\/\/waterloopstudio.com\/en\/#organization","name":"Waterloop Studio","url":"https:\/\/waterloopstudio.com\/en\/","logo":{"@type":"ImageObject","inLanguage":"en-US","@id":"https:\/\/waterloopstudio.com\/en\/#\/schema\/logo\/image\/","url":"https:\/\/waterloopstudio.com\/wp-content\/uploads\/2019\/05\/favicon.png","contentUrl":"https:\/\/waterloopstudio.com\/wp-content\/uploads\/2019\/05\/favicon.png","width":192,"height":192,"caption":"Waterloop Studio"},"image":{"@id":"https:\/\/waterloopstudio.com\/en\/#\/schema\/logo\/image\/"}}]}},"_links":{"self":[{"href":"https:\/\/waterloopstudio.com\/en\/wp-json\/wp\/v2\/pages\/2125","targetHints":{"allow":["GET"]}}],"collection":[{"href":"https:\/\/waterloopstudio.com\/en\/wp-json\/wp\/v2\/pages"}],"about":[{"href":"https:\/\/waterloopstudio.com\/en\/wp-json\/wp\/v2\/types\/page"}],"author":[{"embeddable":true,"href":"https:\/\/waterloopstudio.com\/en\/wp-json\/wp\/v2\/users\/1"}],"replies":[{"embeddable":true,"href":"https:\/\/waterloopstudio.com\/en\/wp-json\/wp\/v2\/comments?post=2125"}],"version-history":[{"count":94,"href":"https:\/\/waterloopstudio.com\/en\/wp-json\/wp\/v2\/pages\/2125\/revisions"}],"predecessor-version":[{"id":4373,"href":"https:\/\/waterloopstudio.com\/en\/wp-json\/wp\/v2\/pages\/2125\/revisions\/4373"}],"wp:attachment":[{"href":"https:\/\/waterloopstudio.com\/en\/wp-json\/wp\/v2\/media?parent=2125"}],"curies":[{"name":"wp","href":"https:\/\/api.w.org\/{rel}","templated":true}]}}